{"id":95,"date":"2025-10-04T11:06:40","date_gmt":"2025-10-04T09:06:40","guid":{"rendered":"https:\/\/elekt-risch.ch\/?page_id=95"},"modified":"2025-10-04T11:39:08","modified_gmt":"2025-10-04T09:39:08","slug":"mitwirken","status":"publish","type":"page","link":"https:\/\/elekt-risch.ch\/index.php\/mitwirken\/","title":{"rendered":"Anpacken"},"content":{"rendered":"\n<p>Du brennst f\u00fcr das Thema und m\u00f6chtest was Tun? Kein Problem wir stellen dir auf dieser Seite konkrete Massnahmen vor, selber T\u00e4tig zu werden.<\/p>\n\n\n\n<h2 class=\"wp-block-heading\">Briefvorlage<\/h2>\n\n\n\n<p>Du bist ein Mieter und m\u00f6chtest deinen Vermieter bitten eine E-Ladestation zur Verf\u00fcgung zu stellen?<\/p>\n\n\n\n<p>\u00dcber den folgenden Link haben wir dir ein Musterbrief erstellt den du einfach mit deinen Angaben ausf\u00fcllen und deinem Vermieter zusenden kannst.<\/p>\n\n\n\n<p>Vorlage als <a href=\"https:\/\/docs.google.com\/document\/d\/1nPjXx7Z0AKZ161TAMgkw3oEp3Pk6q3Yg987M0OeU6fM\/export?format=docx\">docx<\/a>, <a href=\"https:\/\/docs.google.com\/document\/d\/1nPjXx7Z0AKZ161TAMgkw3oEp3Pk6q3Yg987M0OeU6fM\/export?format=pdf\">PDF<\/a> oder <a href=\"https:\/\/docs.google.com\/document\/d\/1nPjXx7Z0AKZ161TAMgkw3oEp3Pk6q3Yg987M0OeU6fM\/edit?tab=t.0\" data-type=\"link\" data-id=\"https:\/\/docs.google.com\/document\/d\/1nPjXx7Z0AKZ161TAMgkw3oEp3Pk6q3Yg987M0OeU6fM\/edit?tab=t.0\">online<\/a><\/p>\n\n\n\n<h2 class=\"wp-block-heading\">Da fehlt doch was!<\/h2>\n\n\n\n<p>Sch\u00f6n das du bis hierhin gelesen hast \ud83d\ude42 Hast du noch keine passende Massnahme gefunden um selber ein Teil der L\u00f6sung zu werden?<\/p>\n\n\n\n<p><a href=\"https:\/\/elekt-risch.ch\/index.php\/kontakt\/\" data-type=\"page\" data-id=\"27\">Schreibe<\/a> uns wenn du Helfen m\u00f6chtest, aber noch nicht weisst wie? Oder wenn du selber noch Coole Ideen hast, die andere Rischer Inspirieren k\u00f6nnten.<\/p>\n\n\n\n<p><a href=\"https:\/\/elekt-risch.ch\/index.php\/kontakt\/\" data-type=\"page\" data-id=\"27\">Kontaktkformular<\/a><\/p>\n\n\n\n<p><\/p>\n","protected":false},"excerpt":{"rendered":"<p>Du brennst f\u00fcr das Thema und m\u00f6chtest was Tun? Kein Problem wir stellen dir auf dieser Seite konkrete Massnahmen vor, selber T\u00e4tig zu werden. Briefvorlage Du bist ein Mieter und m\u00f6chtest deinen Vermieter bitten eine E-Ladestation zur Verf\u00fcgung zu stellen? \u00dcber den folgenden Link haben wir dir ein Musterbrief erstellt den du einfach mit deinen [&hellip;]<\/p>\n","protected":false},"author":2,"featured_media":0,"parent":0,"menu_order":0,"comment_status":"closed","ping_status":"closed","template":"","meta":{"footnotes":""},"class_list":["post-95","page","type-page","status-publish","hentry"],"_links":{"self":[{"href":"https:\/\/elekt-risch.ch\/index.php\/wp-json\/wp\/v2\/pages\/95","targetHints":{"allow":["GET"]}}],"collection":[{"href":"https:\/\/elekt-risch.ch\/index.php\/wp-json\/wp\/v2\/pages"}],"about":[{"href":"https:\/\/elekt-risch.ch\/index.php\/wp-json\/wp\/v2\/types\/page"}],"author":[{"embeddable":true,"href":"https:\/\/elekt-risch.ch\/index.php\/wp-json\/wp\/v2\/users\/2"}],"replies":[{"embeddable":true,"href":"https:\/\/elekt-risch.ch\/index.php\/wp-json\/wp\/v2\/comments?post=95"}],"version-history":[{"count":9,"href":"https:\/\/elekt-risch.ch\/index.php\/wp-json\/wp\/v2\/pages\/95\/revisions"}],"predecessor-version":[{"id":106,"href":"https:\/\/elekt-risch.ch\/index.php\/wp-json\/wp\/v2\/pages\/95\/revisions\/106"}],"wp:attachment":[{"href":"https:\/\/elekt-risch.ch\/index.php\/wp-json\/wp\/v2\/media?parent=95"}],"curies":[{"name":"wp","href":"https:\/\/api.w.org\/{rel}","templated":true}]}}