{"id":84,"date":"2025-08-15T21:00:10","date_gmt":"2025-08-15T19:00:10","guid":{"rendered":"https:\/\/elekt-risch.ch\/?page_id=84"},"modified":"2025-10-04T11:47:53","modified_gmt":"2025-10-04T09:47:53","slug":"beitraege","status":"publish","type":"page","link":"https:\/\/elekt-risch.ch\/index.php\/beitraege\/","title":{"rendered":"Beitr\u00e4ge"},"content":{"rendered":"<ul class=\"wp-block-latest-posts__list has-dates has-author wp-block-latest-posts\"><li><a class=\"wp-block-latest-posts__post-title\" href=\"https:\/\/elekt-risch.ch\/index.php\/2025\/10\/04\/gas-oder-elektro-grill\/\">Gas oder Elektro Grill?<\/a><div class=\"wp-block-latest-posts__post-author\">von cgasser<\/div><time datetime=\"2025-10-04T11:42:59+02:00\" class=\"wp-block-latest-posts__post-date\">4. Oktober 2025<\/time><div class=\"wp-block-latest-posts__post-excerpt\">\u00abWasser Kocher\u00bb oder doch ein ernst zu nehmender Elektro-Grill der mit Gas \/ Kohle mithalten kann? Kann ein Elektrogrill wirklich grillen? Oder ist es mehr ein D\u00e4mpfen? An diesen Fragen kommt man nicht vorbei, wenn man in den Medien z.B. YouTube verschiedene Review zu den aktuellen Elektrogrill liest bzw. schaut. Ganz ehrlich, bis vor kurzem\u2026\u00a0<a class=\"wp-block-latest-posts__read-more\" href=\"https:\/\/elekt-risch.ch\/index.php\/2025\/10\/04\/gas-oder-elektro-grill\/\" rel=\"noopener noreferrer\"><span class=\"screen-reader-text\">Gas oder Elektro Grill? <\/span>weiterlesen<\/a><\/div><\/li>\n<li><a class=\"wp-block-latest-posts__post-title\" href=\"https:\/\/elekt-risch.ch\/index.php\/2025\/06\/21\/meine-oel-heizung-laeuft-ja-noch\/\">Meine \u00d6l Heizung l\u00e4uft ja noch..<\/a><div class=\"wp-block-latest-posts__post-author\">von lstraumann<\/div><time datetime=\"2025-06-21T15:07:00+02:00\" class=\"wp-block-latest-posts__post-date\">21. Juni 2025<\/time><div class=\"wp-block-latest-posts__post-excerpt\">&#8222;Jetzt die funktionierende \u00d6lheizung herausreissen, also, das ist auch kein Umweltschutz. Ich kaufe auch nicht jedes Jahr ein neues Handy&#8220;. Das ist ein Argument. Aber eher ein d\u00fcnnes. Und auch wenn man wirklich alle Fakten auslassen will. Aber um fair zu sein. Es braucht eine Analyse. Produktionsemissionen f\u00fcr eine Gas- oder \u00d6lheizung: 406 kg CO2\u00e4q\u2026\u00a0<a class=\"wp-block-latest-posts__read-more\" href=\"https:\/\/elekt-risch.ch\/index.php\/2025\/06\/21\/meine-oel-heizung-laeuft-ja-noch\/\" rel=\"noopener noreferrer\"><span class=\"screen-reader-text\">Meine \u00d6l Heizung l\u00e4uft ja noch.. <\/span>weiterlesen<\/a><\/div><\/li>\n<li><a class=\"wp-block-latest-posts__post-title\" href=\"https:\/\/elekt-risch.ch\/index.php\/2025\/06\/21\/hello-world\/\">Batterien sind soooooo schlimm. Oder doch nicht?<\/a><div class=\"wp-block-latest-posts__post-author\">von lstraumann<\/div><time datetime=\"2025-06-21T14:29:11+02:00\" class=\"wp-block-latest-posts__post-date\">21. Juni 2025<\/time><div class=\"wp-block-latest-posts__post-excerpt\">Was auch zwischendurch mal durchdringt, sind besorgte Stimmen wie &#8222;Ja, aber, Batterien, das ist ja jetzt auch nicht die L\u00f6sung&#8220;. Da muss ich dann schon die Augenbrauen hochziehen. 72.5 kg CO2 \u00c4q.\/kWh Eine moderne E-Autobatterie mit 60 kWh emittiert ca. 4&#8217;400 kg CO2 \u00c4quivalente bei der Produktion (Quelle: sciencedirect.com). Zum Vergleich, ein \u00e4lteres Benzin- oder\u2026\u00a0<a class=\"wp-block-latest-posts__read-more\" href=\"https:\/\/elekt-risch.ch\/index.php\/2025\/06\/21\/hello-world\/\" rel=\"noopener noreferrer\"><span class=\"screen-reader-text\">Batterien sind soooooo schlimm. Oder doch nicht? <\/span>weiterlesen<\/a><\/div><\/li>\n<\/ul>\n\n\n<p><\/p>\n","protected":false},"excerpt":{"rendered":"","protected":false},"author":2,"featured_media":0,"parent":0,"menu_order":0,"comment_status":"closed","ping_status":"closed","template":"","meta":{"footnotes":""},"class_list":["post-84","page","type-page","status-publish","hentry"],"_links":{"self":[{"href":"https:\/\/elekt-risch.ch\/index.php\/wp-json\/wp\/v2\/pages\/84","targetHints":{"allow":["GET"]}}],"collection":[{"href":"https:\/\/elekt-risch.ch\/index.php\/wp-json\/wp\/v2\/pages"}],"about":[{"href":"https:\/\/elekt-risch.ch\/index.php\/wp-json\/wp\/v2\/types\/page"}],"author":[{"embeddable":true,"href":"https:\/\/elekt-risch.ch\/index.php\/wp-json\/wp\/v2\/users\/2"}],"replies":[{"embeddable":true,"href":"https:\/\/elekt-risch.ch\/index.php\/wp-json\/wp\/v2\/comments?post=84"}],"version-history":[{"count":3,"href":"https:\/\/elekt-risch.ch\/index.php\/wp-json\/wp\/v2\/pages\/84\/revisions"}],"predecessor-version":[{"id":108,"href":"https:\/\/elekt-risch.ch\/index.php\/wp-json\/wp\/v2\/pages\/84\/revisions\/108"}],"wp:attachment":[{"href":"https:\/\/elekt-risch.ch\/index.php\/wp-json\/wp\/v2\/media?parent=84"}],"curies":[{"name":"wp","href":"https:\/\/api.w.org\/{rel}","templated":true}]}}