{"id":21,"date":"2025-06-21T14:57:43","date_gmt":"2025-06-21T14:57:43","guid":{"rendered":"https:\/\/elekt-risch.ch\/?page_id=21"},"modified":"2025-08-15T20:42:51","modified_gmt":"2025-08-15T18:42:51","slug":"ueber-uns","status":"publish","type":"page","link":"https:\/\/elekt-risch.ch\/index.php\/ueber-uns\/","title":{"rendered":"\u00dcber uns"},"content":{"rendered":"\n<p>Wir sind eine Gruppe von Kindern, Jungen, \u00c4lteren, M\u00fcttern, V\u00e4tern, Grossmamis und Grosspapis. Wir sind leider auch sehr besorgt. Wir lieben das Leben auf einem gesunden Planeten. Wir wollen, dass es so gut bleibt. Wir wollen das tolle Wetter behalten, um draussen zu sein. Klirrend kalte Wintertage, wundersch\u00f6ne Sommerabende am Grill mit Familie und Freunden.&nbsp;<\/p>\n\n\n\n<p>Wir wollen kein extremes Wetter, keine \u00dcberschwemmungen und keine wochenlangen Hitzeperioden mit extremer Trockenheit. Die Schweiz ist unter anderem so malerisch sch\u00f6n, weil es oft regnet und es gr\u00fcn ist. Wir wollen gesund und fit sein. Wir wollen das alles nicht verlieren.&nbsp;<\/p>\n\n\n\n<p>Darum setzten wir uns zusammen und fragten uns, was wir tun k\u00f6nnen. Nach unz\u00e4hligen Diskussionen, B\u00fcchern und Auseinandersetzungen m\u00fcssen wir sagen, es ist gar nicht so unm\u00f6glich. Und wenn wir dazu Ja sagen, geht es uns mit den meisten Konsequenzen sogar besser. Hier ist unser Plan.<\/p>\n\n\n\n<p>Es ist eigentlich auch gar nichts Neues. Es ist nur ein konsequenter Plan, bei dem alle mitziehen m\u00fcssten.\u00a0<\/p>\n\n\n\n<p>Wir setzen uns das Ziel die ganze Gemeinde voll zu elektrisieren. Das heisst, uns dankbar von den fossilen Energien zu verabschieden und alles zu elektrifizieren. 100% W\u00e4rme und K\u00e4lte von W\u00e4rmepumpen. 100% Elektromobilit\u00e4t. 100% Elektrolastwagen. Viel Solar. Und ein Plan f\u00fcr genug Strom.\u00a0<\/p>\n\n\n\n<p>100% Elektro hat so viele Vorteile, wenn man sie mal auflistet. Aus unserer Sicht ist der wichtigste Vorteil, dass elektrisch betriebene Maschinen so viel effizienter sind als fossil betriebene. In vielen F\u00e4llen f\u00e4llt der Energieverbrauch einfach drastisch, wenn alles 100% mit Strom l\u00e4uft.\u00a0<\/p>\n\n\n\n<p>Zudem f\u00e4llt Luftverschmutzung praktisch komplett weg, wenn nichts verbrannt wird. Wir finden, wir und unsere Kinder und ihre Lungen und Gehirne haben saubere Luft verdient. Das ist alles v\u00f6llig erreichbar.\u00a0<\/p>\n\n\n\n<p>Die Wertsch\u00f6pfung der meisten effizienten Technologien bleibt bei uns. Sei es W\u00e4rmepumpen oder auch Solard\u00e4cher. Der Grossteil des Geldes bleibt in unserer oder Nachbargemeinden bei den Handwerker und Planer. Eigentlich eine geniale Sache.<\/p>\n\n\n\n<p>Es gibt auch einige Herausforderungen. Was alle energieeffizienten Maschinen eigentlich gemeinsam haben, ist, dass sie fast alle teurer in der Anschaffung sind als weniger effiziente (speziell fossil betriebene). Das bereitet vielen Menschen Schwierigkeiten, sich f\u00fcr effiziente Maschinen zu entscheiden, sei es finanziell oder gef\u00fchlsm\u00e4ssig, obwohl es im Ganzen f\u00fcr alle finanziell g\u00fcnstiger wird.\u00a0<\/p>\n\n\n\n<p>Daf\u00fcr setzen wir uns ein. Eine 100% voll elektrifizierte Gemeinde.\u00a0Ein 100% gutes Leben.<\/p>\n","protected":false},"excerpt":{"rendered":"<p>Wir sind eine Gruppe von Kindern, Jungen, \u00c4lteren, M\u00fcttern, V\u00e4tern, Grossmamis und Grosspapis. Wir sind leider auch sehr besorgt. Wir lieben das Leben auf einem gesunden Planeten. Wir wollen, dass es so gut bleibt. Wir wollen das tolle Wetter behalten, um draussen zu sein. Klirrend kalte Wintertage, wundersch\u00f6ne Sommerabende am Grill mit Familie und Freunden.&nbsp; [&hellip;]<\/p>\n","protected":false},"author":1,"featured_media":0,"parent":0,"menu_order":0,"comment_status":"closed","ping_status":"closed","template":"","meta":{"footnotes":""},"class_list":["post-21","page","type-page","status-publish","hentry"],"_links":{"self":[{"href":"https:\/\/elekt-risch.ch\/index.php\/wp-json\/wp\/v2\/pages\/21","targetHints":{"allow":["GET"]}}],"collection":[{"href":"https:\/\/elekt-risch.ch\/index.php\/wp-json\/wp\/v2\/pages"}],"about":[{"href":"https:\/\/elekt-risch.ch\/index.php\/wp-json\/wp\/v2\/types\/page"}],"author":[{"embeddable":true,"href":"https:\/\/elekt-risch.ch\/index.php\/wp-json\/wp\/v2\/users\/1"}],"replies":[{"embeddable":true,"href":"https:\/\/elekt-risch.ch\/index.php\/wp-json\/wp\/v2\/comments?post=21"}],"version-history":[{"count":4,"href":"https:\/\/elekt-risch.ch\/index.php\/wp-json\/wp\/v2\/pages\/21\/revisions"}],"predecessor-version":[{"id":82,"href":"https:\/\/elekt-risch.ch\/index.php\/wp-json\/wp\/v2\/pages\/21\/revisions\/82"}],"wp:attachment":[{"href":"https:\/\/elekt-risch.ch\/index.php\/wp-json\/wp\/v2\/media?parent=21"}],"curies":[{"name":"wp","href":"https:\/\/api.w.org\/{rel}","templated":true}]}}