{"id":2,"date":"2025-06-21T14:29:11","date_gmt":"2025-06-21T14:29:11","guid":{"rendered":"https:\/\/elekt-risch.ch\/?page_id=2"},"modified":"2025-10-04T12:04:07","modified_gmt":"2025-10-04T10:04:07","slug":"sample-page","status":"publish","type":"page","link":"https:\/\/elekt-risch.ch\/index.php\/sample-page\/","title":{"rendered":"Das Ziel"},"content":{"rendered":"\n<p>Das Ziel ist eine 100% zukunftsorientierte Energieversorgung f\u00fcr die Welt, Schweiz, Risch und somit f\u00fcr uns.<\/p>\n\n\n\n<p>Das ist der Endenergieverbrauch der Schweiz seit 1910.<\/p>\n\n\n\n<figure class=\"wp-block-image size-full\"><img loading=\"lazy\" decoding=\"async\" width=\"1024\" height=\"519\" src=\"https:\/\/elekt-risch.ch\/wp-content\/uploads\/2025\/06\/gesamtEnergieStat_challenge_accepted-1024x519-3.png\" alt=\"\" class=\"wp-image-18\" srcset=\"https:\/\/elekt-risch.ch\/wp-content\/uploads\/2025\/06\/gesamtEnergieStat_challenge_accepted-1024x519-3.png 1024w, https:\/\/elekt-risch.ch\/wp-content\/uploads\/2025\/06\/gesamtEnergieStat_challenge_accepted-1024x519-3-300x152.png 300w, https:\/\/elekt-risch.ch\/wp-content\/uploads\/2025\/06\/gesamtEnergieStat_challenge_accepted-1024x519-3-768x389.png 768w\" sizes=\"auto, (max-width: 1024px) 100vw, 1024px\" \/><\/figure>\n\n\n\n<p>Quelle: bfe.admin.ch<\/p>\n\n\n\n<p>F\u00fcr weiterhin tolles Wetter hier in der Umgebung m\u00fcssen wir uns dankbar aber sicher von den fossilen Energien verabschieden.<\/p>\n\n\n\n<p>Jetzt k\u00f6nnte man sagen: \u201eAch, wir machen ja schon viel. Ich dusche nicht so lange und wir haben ja nicht 23\u00b0C eingestellt zum Heizen.\u201c.<\/p>\n\n\n\n<p>Gut. Das ist sch\u00f6n. Aber wenn das Wasser und die Wohnung mit \u00d6l oder Erdgas geheizt wird, von was sprechen wir dann hier? Eine Einsparung von 10%-20%? Im besten Fall pustet die Heizung also ca. 20% weniger klimaaktiven Stoff in unsere Atmosph\u00e4re von der wir alle abh\u00e4ngen. Das heisst ja nur, dass wir einen kritischen Zustand unserer einzigen Atmosph\u00e4re ca. 20% sp\u00e4ter erreichen. Also zum Beispiel im Jahr 2056 anstatt im Jahr 2050.  Das ist die Logik von \u201eein bisschen k\u00fcrzer Duschen und weniger Heizen\u201c.<\/p>\n\n\n\n<p>CO2 verschwindet nicht einfach so aus unserer Atmosph\u00e4re im grossen Stil. Es bleibt so etwa 1\u2019000 Jahre da oben erhalten.<\/p>\n\n\n\n<p>Versteht ihr was wir meinen? Ein sorgsamer Umgang mit der einzigen Atmosph\u00e4re heisst, praktisch <strong>keine <\/strong>klimaaktiven Gase in die Luft zu entsorgen, nicht 10%-20% weniger.<\/p>\n\n\n\n<p>Jetzt aber zum l\u00f6sungsorientierten Teil.<\/p>\n\n\n\n<figure class=\"wp-block-image size-full\"><img loading=\"lazy\" decoding=\"async\" width=\"823\" height=\"781\" src=\"https:\/\/elekt-risch.ch\/wp-content\/uploads\/2025\/06\/EnergieSchweiz_bild2050-2.png\" alt=\"\" class=\"wp-image-17\" srcset=\"https:\/\/elekt-risch.ch\/wp-content\/uploads\/2025\/06\/EnergieSchweiz_bild2050-2.png 823w, https:\/\/elekt-risch.ch\/wp-content\/uploads\/2025\/06\/EnergieSchweiz_bild2050-2-300x285.png 300w, https:\/\/elekt-risch.ch\/wp-content\/uploads\/2025\/06\/EnergieSchweiz_bild2050-2-768x729.png 768w\" sizes=\"auto, (max-width: 823px) 100vw, 823px\" \/><\/figure>\n\n\n\n<p>Wir brauchen also Technologien die kein CO2 etc. ausstossen. Das Gute daran ist, wir haben fast alle Technologien, die wir brauchen, um dies zu l\u00f6sen.<\/p>\n\n\n\n<p>Klar, bei uns in der Schweiz braucht es viel Solar, ein paar Windr\u00e4der und h\u00f6here Staud\u00e4mme. Aber die wirklichen Helden der L\u00f6sung sind W\u00e4rmepumpen, Elektromobilit\u00e4t und flexible Lasten.<\/p>\n\n\n\n<p>Alles k\u00f6nnen wir in Rotkreuz, Holzh\u00e4usern, Buonas und Risch nat\u00fcrlich nicht umsetzen. Also mit Staud\u00e4mmen wird es schwierig. Aber wir k\u00f6nnen unsere Karten spielen mit vielen Solard\u00e4chern, Fernw\u00e4rme, eine gute Ladeinfrastruktur, sowie generell dem effizienten Einsatz von Energie.<\/p>\n\n\n\n<p>Das tolle dabei ist, es macht Spass und es funktioniert. Jemand der schon mal die Chance hatte eine \u00d6lheizung rauszuwerfen, um Platz f\u00fcr eine W\u00e4rmepumpe einzubauen, weiss das. Es ist ein Schritt in die richtige Richtung. Schritt f\u00fcr Schritt Richtung gesunde Atmosph\u00e4re. K\u00f6nnen wir auf Euch z\u00e4hlen?<\/p>\n\n\n\n<p><\/p>\n","protected":false},"excerpt":{"rendered":"<p>Das Ziel ist eine 100% zukunftsorientierte Energieversorgung f\u00fcr die Welt, Schweiz, Risch und somit f\u00fcr uns. Das ist der Endenergieverbrauch der Schweiz seit 1910. Quelle: bfe.admin.ch F\u00fcr weiterhin tolles Wetter hier in der Umgebung m\u00fcssen wir uns dankbar aber sicher von den fossilen Energien verabschieden. Jetzt k\u00f6nnte man sagen: \u201eAch, wir machen ja schon viel. [&hellip;]<\/p>\n","protected":false},"author":1,"featured_media":0,"parent":0,"menu_order":0,"comment_status":"closed","ping_status":"open","template":"","meta":{"footnotes":""},"class_list":["post-2","page","type-page","status-publish","hentry"],"_links":{"self":[{"href":"https:\/\/elekt-risch.ch\/index.php\/wp-json\/wp\/v2\/pages\/2","targetHints":{"allow":["GET"]}}],"collection":[{"href":"https:\/\/elekt-risch.ch\/index.php\/wp-json\/wp\/v2\/pages"}],"about":[{"href":"https:\/\/elekt-risch.ch\/index.php\/wp-json\/wp\/v2\/types\/page"}],"author":[{"embeddable":true,"href":"https:\/\/elekt-risch.ch\/index.php\/wp-json\/wp\/v2\/users\/1"}],"replies":[{"embeddable":true,"href":"https:\/\/elekt-risch.ch\/index.php\/wp-json\/wp\/v2\/comments?post=2"}],"version-history":[{"count":6,"href":"https:\/\/elekt-risch.ch\/index.php\/wp-json\/wp\/v2\/pages\/2\/revisions"}],"predecessor-version":[{"id":112,"href":"https:\/\/elekt-risch.ch\/index.php\/wp-json\/wp\/v2\/pages\/2\/revisions\/112"}],"wp:attachment":[{"href":"https:\/\/elekt-risch.ch\/index.php\/wp-json\/wp\/v2\/media?parent=2"}],"curies":[{"name":"wp","href":"https:\/\/api.w.org\/{rel}","templated":true}]}}